{"id":145853,"date":"2022-10-18T18:02:44","date_gmt":"2022-10-18T16:02:44","guid":{"rendered":"http:\/\/aikido-cattenom.net\/?page_id=145853"},"modified":"2025-11-25T08:39:00","modified_gmt":"2025-11-25T06:39:00","slug":"les-rendez-vous-de-la-saison-2022-2023","status":"publish","type":"page","link":"https:\/\/aikido-cattenom.net\/?page_id=145853","title":{"rendered":"Les rendez-vous de la saison 2025-2026"},"content":{"rendered":"\n<div class=\"wp-block-group\"><div class=\"wp-block-group__inner-container is-layout-constrained wp-block-group-is-layout-constrained\">\n<div class=\"wp-block-group\"><div class=\"wp-block-group__inner-container is-layout-constrained wp-block-group-is-layout-constrained\">\n<p><strong>DECEMBRE 2025<\/strong> <br><strong>Jeudi 11 d\u00e9cembre:<\/strong><br>Claire RUGA, 5e DAN, animera un cours exceptionnel ouvert \u00e0 toutes et tous, quel que soit votre niveau.<br><strong>Jeudi 18 d\u00e9cembre:<\/strong><br>Cours parents \/ enfants<\/p>\n<\/div><\/div>\n<\/div><\/div>\n\n\n\n<div class=\"wp-block-group\"><div class=\"wp-block-group__inner-container is-layout-constrained wp-block-group-is-layout-constrained\">\n<p><strong><strong>JANVIER 2026<\/strong><\/strong><br><strong>Lundi 12 janvier:<\/strong><br>Kagami Biraki, c\u00e9r\u00e9monie des v\u0153ux traditionnelle au Japon<br><strong>Tous les jeudi de janvier:<\/strong><br>Portes ouvertes d\u00e9couverte de l&rsquo;A\u00efkido  parents \/ enfants<\/p>\n\n\n\n<p><strong><strong>F\u00c9VRIER 2026<\/strong><\/strong><br><strong>Jeudi 5 f\u00e9vrier:<\/strong><br>R\u00e9mi Adda, 5e DAN, animera un cours adulte exceptionnel ouvert \u00e0 toutes et tous, quel que soit votre niveau<\/p>\n\n\n\n<p><strong><strong>MARS 2026<\/strong><\/strong><br><strong>Mars:<\/strong><br>Cours ouvert \u00e0 toutes et tous, quel que soit votre niveau l&rsquo;occasion de la journ\u00e9e internationale des droits des femmes<\/p>\n\n\n\n<p><strong><strong>AVRIL 2026<\/strong><\/strong><br><strong>Jeudi 9 avril:<\/strong><br>Claire RUGA, 5e DAN, animera un cours exceptionnel ouvert \u00e0 toutes et tous, quel que soit votre niveau.<br><strong>Jeudi 16 avril:<\/strong><br>Corine MASSON-PAYEUR, 7e DAN, animera un cours adulte exceptionnel ouvert \u00e0 toutes et tous, quel que soit votre niveau.<\/p>\n\n\n\n<p><strong><strong>MAI 2026<\/strong><\/strong><br><strong>Jeudi 21 mai:<\/strong><br>R\u00e9mi Adda, 5e DAN, animera un cours adulte exceptionnel ouvert \u00e0 toutes et tous, quel que soit votre niveau<\/p>\n\n\n\n<div class=\"wp-block-group\"><div class=\"wp-block-group__inner-container is-layout-constrained wp-block-group-is-layout-constrained\">\n<p><br><strong>J U I N<\/strong> <strong>2026<\/strong><br><strong>Dimanche 14 juin :<\/strong><br>Brocante et d\u00e9monstration<br><strong>Dimanche 21 juin <\/strong>:<br>Barbecue annuel<br><strong>Jeudi 24 juin:<\/strong><br>Jean-Claude ERRICO, 6e DAN, animera un cours adulte exceptionnel ouvert \u00e0 toutes et tous, quel que soit votre niveau.<\/p>\n<\/div><\/div>\n<\/div><\/div>\n\n\n\n<p><strong>J U I L LET<\/strong> <strong>2024<\/strong><br><strong>Jeudi 2 juillet :<\/strong><br>Cours enfants : remise des dipl\u00f4mes et cours<br>parents\/enfants<\/p>\n\n\n\n<p><\/p>\n","protected":false},"excerpt":{"rendered":"<p>DECEMBRE 2025 Jeudi 11 d\u00e9cembre:Claire RUGA, 5e DAN, animera un cours exceptionnel ouvert \u00e0 toutes et tous, quel que soit votre niveau.Jeudi 18 d\u00e9cembre:Cours parents \/ enfants JANVIER 2026Lundi 12 janvier:Kagami Biraki, c\u00e9r\u00e9monie des v\u0153ux traditionnelle au JaponTous les jeudi &hellip; <a href=\"https:\/\/aikido-cattenom.net\/?page_id=145853\">Continuer la lecture <span class=\"meta-nav\">&rarr;<\/span><\/a><\/p>\n","protected":false},"author":2,"featured_media":0,"parent":0,"menu_order":0,"comment_status":"closed","ping_status":"closed","template":"onecolumn-page.php","meta":{"footnotes":""},"class_list":["post-145853","page","type-page","status-publish","hentry"],"_links":{"self":[{"href":"https:\/\/aikido-cattenom.net\/index.php?rest_route=\/wp\/v2\/pages\/145853","targetHints":{"allow":["GET"]}}],"collection":[{"href":"https:\/\/aikido-cattenom.net\/index.php?rest_route=\/wp\/v2\/pages"}],"about":[{"href":"https:\/\/aikido-cattenom.net\/index.php?rest_route=\/wp\/v2\/types\/page"}],"author":[{"embeddable":true,"href":"https:\/\/aikido-cattenom.net\/index.php?rest_route=\/wp\/v2\/users\/2"}],"replies":[{"embeddable":true,"href":"https:\/\/aikido-cattenom.net\/index.php?rest_route=%2Fwp%2Fv2%2Fcomments&post=145853"}],"version-history":[{"count":13,"href":"https:\/\/aikido-cattenom.net\/index.php?rest_route=\/wp\/v2\/pages\/145853\/revisions"}],"predecessor-version":[{"id":146296,"href":"https:\/\/aikido-cattenom.net\/index.php?rest_route=\/wp\/v2\/pages\/145853\/revisions\/146296"}],"wp:attachment":[{"href":"https:\/\/aikido-cattenom.net\/index.php?rest_route=%2Fwp%2Fv2%2Fmedia&parent=145853"}],"curies":[{"name":"wp","href":"https:\/\/api.w.org\/{rel}","templated":true}]}}