{"id":34,"date":"2011-09-12T22:45:48","date_gmt":"2011-09-12T22:45:48","guid":{"rendered":"http:\/\/aikido-cattenom.net\/?page_id=34"},"modified":"2025-08-29T09:13:44","modified_gmt":"2025-08-29T07:13:44","slug":"presentation","status":"publish","type":"page","link":"https:\/\/aikido-cattenom.net\/?page_id=34","title":{"rendered":"Qu&rsquo;est ce que l&rsquo;A\u00efkido?"},"content":{"rendered":"<div id=\"content\">\n<p><a href=\"https:\/\/aikido-cattenom.net\/wp-content\/uploads\/2011\/09\/master.jpg\"><img loading=\"lazy\" decoding=\"async\" class=\"aligncenter size-full wp-image-121\" title=\"master\" src=\"https:\/\/aikido-cattenom.net\/wp-content\/uploads\/2011\/09\/master.jpg\" alt=\"\" width=\"139\" height=\"190\" srcset=\"https:\/\/aikido-cattenom.net\/wp-content\/uploads\/2011\/09\/master.jpg 139w, https:\/\/aikido-cattenom.net\/wp-content\/uploads\/2011\/09\/master-73x100.jpg 73w, https:\/\/aikido-cattenom.net\/wp-content\/uploads\/2011\/09\/master-109x150.jpg 109w\" sizes=\"auto, (max-width: 139px) 100vw, 139px\" \/><\/a><\/p>\n<h2><b>Origines<\/b><\/h2>\n<p class=\"p3\">Cr\u00e9\u00e9 \u00e0 la fin des ann\u00e9es 1940 par <span class=\"s2\"><b>Morihei Ueshiba<\/b><\/span>, l\u2019a\u00efkido combine techniques martiales et valeurs spirituelles (Shinto, Zen, Tao). Objectif : <span class=\"s2\"><b>paix, harmonie et ma\u00eetrise de soi<\/b><\/span>.<\/p>\n<h2><\/h2>\n<h2><b>Techniques<\/b><\/h2>\n<ul>\n<li>\n<p class=\"p1\">\u00c0 mains nues ou avec armes (sabre, b\u00e2ton)<\/p>\n<\/li>\n<li>\n<p class=\"p1\">Canalisation de l\u2019\u00e9nergie de l\u2019adversaire<\/p>\n<\/li>\n<li>\n<p class=\"p1\"><span class=\"s1\">Objectif : <\/span><b>immobilisation ou chute sans violence<\/b><\/p>\n<\/li>\n<\/ul>\n<h2><\/h2>\n<h2><b>Discipline ouverte \u00e0 tous<\/b><\/h2>\n<ul>\n<li>\n<p class=\"p1\">Accessible aux <span class=\"s1\"><b>hommes, femmes et enfants<\/b><\/span>, de 7 \u00e0 77 ans<\/p>\n<\/li>\n<li>\n<p class=\"p1\">Adapt\u00e9e aux capacit\u00e9s physiques de chacun<\/p>\n<\/li>\n<\/ul>\n<h2><\/h2>\n<h2><b>Points forts<\/b><\/h2>\n<ul>\n<li>\n<p class=\"p1\"><span class=\"s1\"><b>Enfants<\/b><\/span> : concentration, respect, coop\u00e9ration<\/p>\n<\/li>\n<li>\n<p class=\"p1\"><span class=\"s1\"><b>Femmes<\/b><\/span> : souplesse, r\u00e9activit\u00e9, efficacit\u00e9 avec sensibilit\u00e9<\/p>\n<\/li>\n<li>\n<p class=\"p1\"><span class=\"s1\"><b>V\u00e9t\u00e9rans<\/b><\/span> : sant\u00e9, mobilit\u00e9, transmission des valeurs<\/p>\n<\/li>\n<\/ul>\n<h2><\/h2>\n<h2><b>Notre F\u00e9d\u00e9ration : FFAB<\/b><\/h2>\n<p class=\"p4\"><span class=\"s3\">Le club est affili\u00e9 \u00e0 la <\/span><b>F\u00e9d\u00e9ration Fran\u00e7aise d\u2019A\u00efkido et de Budo (FFAB)<\/b><span class=\"s3\"> :<\/span><\/p>\n<ul>\n<li>\n<p class=\"p1\">Assure la qualit\u00e9 de l\u2019enseignement<\/p>\n<\/li>\n<li>\n<p class=\"p1\">Organise stages, formations et \u00e9v\u00e9nements interclubs<\/p>\n<\/li>\n<li>\n<p class=\"p1\">Fond\u00e9e par \u00a0<span class=\"s1\"><b>Tamura Sensei<\/b><\/span>, disciple direct de Morihei Ueshiba<\/p>\n<\/li>\n<\/ul>\n<\/div>\n","protected":false},"excerpt":{"rendered":"<p>Origines Cr\u00e9\u00e9 \u00e0 la fin des ann\u00e9es 1940 par Morihei Ueshiba, l\u2019a\u00efkido combine techniques martiales et valeurs spirituelles (Shinto, Zen, Tao). Objectif : paix, harmonie et ma\u00eetrise de soi. Techniques \u00c0 mains nues ou avec armes (sabre, b\u00e2ton) Canalisation de &hellip; <a href=\"https:\/\/aikido-cattenom.net\/?page_id=34\">Continuer la lecture <span class=\"meta-nav\">&rarr;<\/span><\/a><\/p>\n","protected":false},"author":1,"featured_media":0,"parent":0,"menu_order":0,"comment_status":"closed","ping_status":"open","template":"onecolumn-page.php","meta":{"footnotes":""},"class_list":["post-34","page","type-page","status-publish","hentry"],"_links":{"self":[{"href":"https:\/\/aikido-cattenom.net\/index.php?rest_route=\/wp\/v2\/pages\/34","targetHints":{"allow":["GET"]}}],"collection":[{"href":"https:\/\/aikido-cattenom.net\/index.php?rest_route=\/wp\/v2\/pages"}],"about":[{"href":"https:\/\/aikido-cattenom.net\/index.php?rest_route=\/wp\/v2\/types\/page"}],"author":[{"embeddable":true,"href":"https:\/\/aikido-cattenom.net\/index.php?rest_route=\/wp\/v2\/users\/1"}],"replies":[{"embeddable":true,"href":"https:\/\/aikido-cattenom.net\/index.php?rest_route=%2Fwp%2Fv2%2Fcomments&post=34"}],"version-history":[{"count":15,"href":"https:\/\/aikido-cattenom.net\/index.php?rest_route=\/wp\/v2\/pages\/34\/revisions"}],"predecessor-version":[{"id":146259,"href":"https:\/\/aikido-cattenom.net\/index.php?rest_route=\/wp\/v2\/pages\/34\/revisions\/146259"}],"wp:attachment":[{"href":"https:\/\/aikido-cattenom.net\/index.php?rest_route=%2Fwp%2Fv2%2Fmedia&parent=34"}],"curies":[{"name":"wp","href":"https:\/\/api.w.org\/{rel}","templated":true}]}}