{"id":535,"date":"2014-05-23T15:02:48","date_gmt":"2014-05-23T13:02:48","guid":{"rendered":"http:\/\/aikido-cattenom.net\/?page_id=535"},"modified":"2026-02-12T00:41:18","modified_gmt":"2026-02-11T22:41:18","slug":"infos-brocante","status":"publish","type":"page","link":"https:\/\/aikido-cattenom.net\/?page_id=535","title":{"rendered":"Infos brocante"},"content":{"rendered":"\n<h1 class=\"wp-block-heading\"><strong><span style=\"color: #ff0000;\"><span style=\"color: #000000;\">Prochaine \u00e9dition:<\/span><br>dimanche\u00a0 14 juin 2026<\/span><\/strong><\/h1>\n\n\n\n<div class=\"wp-block-columns is-layout-flex wp-container-core-columns-is-layout-9d6595d7 wp-block-columns-is-layout-flex\">\n<div class=\"wp-block-column is-vertically-aligned-bottom is-layout-flow wp-block-column-is-layout-flow\"><div class=\"wp-block-image\">\n<figure class=\"aligncenter size-large\"><a href=\"https:\/\/aikido-cattenom.net\/wp-content\/uploads\/2026\/02\/Insta_AIKI_rentree_2022-23.png\"><img loading=\"lazy\" decoding=\"async\" width=\"1024\" height=\"537\" src=\"https:\/\/aikido-cattenom.net\/wp-content\/uploads\/2026\/02\/Insta_AIKI_rentree_2022-23-1024x537.png\" alt=\"\" class=\"wp-image-146318\" srcset=\"https:\/\/aikido-cattenom.net\/wp-content\/uploads\/2026\/02\/Insta_AIKI_rentree_2022-23-1024x537.png 1024w, https:\/\/aikido-cattenom.net\/wp-content\/uploads\/2026\/02\/Insta_AIKI_rentree_2022-23-300x157.png 300w, https:\/\/aikido-cattenom.net\/wp-content\/uploads\/2026\/02\/Insta_AIKI_rentree_2022-23-768x402.png 768w, https:\/\/aikido-cattenom.net\/wp-content\/uploads\/2026\/02\/Insta_AIKI_rentree_2022-23.png 1080w\" sizes=\"auto, (max-width: 1024px) 100vw, 1024px\" \/><\/a><\/figure><\/div><\/div>\n<\/div>\n\n\n\n<p>Pour vous inscrire, vous pouvez t\u00e9l\u00e9charger la fiche d&rsquo;inscription<\/p>\n\n\n\n<p><strong><span style=\"color: #ff0000;\">Attention:<\/span><\/strong><br>Fiches d&rsquo;inscriptions diff\u00e9rentes selon que vous \u00eates <a href=\"https:\/\/aikido-cattenom.net\/wp-content\/uploads\/2025\/11\/2026-fiche-inscription-brocante-particuliers-1.pdf\"><span style=\"text-decoration: underline;\"><span style=\"color: #ff0000; text-decoration: underline;\">PARTICULIER<\/span><\/span> <\/a>ou <a href=\"https:\/\/aikido-cattenom.net\/wp-content\/uploads\/2025\/11\/2026-fiche-inscription-brocante-professionnels-1.pdf\"><span style=\"text-decoration: underline;\"><span style=\"color: #ff0000; text-decoration: underline;\">PROFESSIONNEL<\/span><\/span><\/a><\/p>\n\n\n\n<ul class=\"wp-block-list\">\n<li>2026 fiche inscription brocante particuliers <a href=\"https:\/\/aikido-cattenom.net\/wp-content\/uploads\/2025\/11\/2026-fiche-inscription-brocante-particuliers-1.pdf\" target=\"_blank\" rel=\"noopener\">t\u00e9l\u00e9charger ici<\/a><\/li>\n\n\n\n<li>2026 fiche inscription brocante professionnels <a href=\"https:\/\/aikido-cattenom.net\/wp-content\/uploads\/2025\/11\/2026-fiche-inscription-brocante-professionnels-1.pdf\" target=\"_blank\" rel=\"noopener\">t\u00e9l\u00e9charger ici<\/a><\/li>\n<\/ul>\n\n\n\n<p>Lisez attentivement la fiche d&rsquo;inscription <span style=\"color: #ff0000;\">et<\/span> le r\u00e8glement au dos, signez l&rsquo;attestation <span style=\"color: #ff0000;\">et<\/span> le r\u00e8glement avec la mention lu et approuv\u00e9. <span style=\"color: #ff0000;\">Les ch\u00e8ques sont encaiss\u00e9s \u00e0 l&rsquo;inscription<\/span>.<\/p>\n\n\n\n<p>Les fiches d&rsquo;inscription sont trait\u00e9es par ordre d&rsquo;arriv\u00e9e. Vous aurez un mail de r\u00e9ception de votre inscription si vous nous avez laiss\u00e9 une adresse mail valide (et lisible)<\/p>\n\n\n\n<p>Les emplacements sans v\u00e9hicule sont situ\u00e9s dans des rues plus \u00e9troites, profondeur mini des emplacements: 2 m. Les v\u00e9hicules devront \u00eatre sortis et mis au parking avant 8h00 . Diff\u00e9rents parking sont \u00e0 votre disposition .<\/p>\n\n\n\n<p>Les emplacements avec v\u00e9hicule sont situ\u00e9s dans des rues plus larges permettant une profondeur d&#8217;emplacement de 3,5 m minimum. La longueur minimum obligatoire des emplacements avec v\u00e9hicule est de 5 m. Tenez compte de la longueur de votre v\u00e9hicule. S&rsquo;il ne rentre pas dans l&#8217;emplacement r\u00e9serv\u00e9 vous devrez le mettre au parking.<\/p>\n\n\n\n<p>Les v\u00e9hicules, tonnelles, \u00e9ventaires, etc&#8230; ne doivent pas d\u00e9passer de l&#8217;emplacement.<br>Pour des raisons \u00e9videntes de s\u00e9curit\u00e9, les stands des exposants ne doivent pas d\u00e9border de leur limite.<\/p>\n\n\n\n<p><strong><span style=\"color: #ff0000;\">Le jour de la brocante, pr\u00e9sentez vous rue Victor Hugo entre 6h00 et 8h00.<\/span><\/strong> Nous vous guiderons sur votre emplacement. <span style=\"color: #ff0000;\">Attention, \u00e0 8h00 la brocante est ouverte au public et la circulation de tous les v\u00e9hicules est interdite<\/span>. Des dispositifs obligatoires de s\u00e9curit\u00e9 anti attentat \u00e0 la voiture b\u00e9lier sont mis en place et la circulation des v\u00e9hicules n&rsquo;est plus possible.<\/p>\n\n\n\n<h2 class=\"wp-block-heading\">Pour des raisons de s\u00e9curit\u00e9, ne d\u00e9bordez pas de votre emplacement pour ne pas g\u00eaner le passage des v\u00e9hicules de secours.<br>Des toilettes sont \u00e0 votre disposition rue des Ch\u00e2teaux (pr\u00e8s de la mairie), rue de l\u2019\u00c9glise et \u00e0 l&rsquo;esplanade pr\u00e8s des chapiteaux.<a href=\"https:\/\/aikido-cattenom.net\/wp-content\/uploads\/2014\/05\/plan-brocante.pdf\"><br><strong><span style=\"color: #ff0000;\">Plan brocante<\/span><\/strong><\/a><span style=\"color: #ff0000;\"><a style=\"color: #ff0000;\" href=\"https:\/\/aikido-cattenom.net\/wp-content\/uploads\/2014\/05\/plan-brocante.pdf\"><br><\/a><\/span>La brocante se&nbsp;situe dans le centre du village, rue des Ch\u00e2teaux, rue du Stade, rue de l\u2019\u00c9glise, rue Jeanne d&rsquo;Arc et esplanade.<\/h2>\n\n\n\n<p class=\"has-text-align-center\"><span style=\"color: #000000;\">Renseignements sur l&rsquo;organisation g\u00e9n\u00e9rale de la f\u00eate (march\u00e9 artisanal et du terroir, animations, restauration, etc&#8230;.)<\/span><\/p>\n\n\n\n<h2 class=\"wp-block-heading\"><span style=\"color: #ff0000;\"><a style=\"color: #ff0000;\" href=\"https:\/\/www.mairie-cattenom.fr\/vivre-a-cattenom\/culture-et-loisirs\/estivales-de-cattenom\/\">D\u00e9couvrez le programme &gt;<\/a><\/span><br><figure><a href=\"https:\/\/aikido-cattenom.net\/wp-content\/uploads\/2014\/05\/DSCN1408.jpg\"><img loading=\"lazy\" decoding=\"async\" class=\"aligncenter size-full wp-image-636\" title=\"DSCN1408\" src=\"https:\/\/aikido-cattenom.net\/wp-content\/uploads\/2014\/05\/DSCN1408.jpg\" alt=\"\" width=\"3264\" height=\"2448\" srcset=\"https:\/\/aikido-cattenom.net\/wp-content\/uploads\/2014\/05\/DSCN1408.jpg 3264w, https:\/\/aikido-cattenom.net\/wp-content\/uploads\/2014\/05\/DSCN1408-300x225.jpg 300w, https:\/\/aikido-cattenom.net\/wp-content\/uploads\/2014\/05\/DSCN1408-1024x768.jpg 1024w\" sizes=\"auto, (max-width: 3264px) 100vw, 3264px\" \/><\/a><\/figure><\/h2>\n","protected":false},"excerpt":{"rendered":"<p>Prochaine \u00e9dition:dimanche\u00a0 14 juin 2026 Pour vous inscrire, vous pouvez t\u00e9l\u00e9charger la fiche d&rsquo;inscription Attention:Fiches d&rsquo;inscriptions diff\u00e9rentes selon que vous \u00eates PARTICULIER ou PROFESSIONNEL Lisez attentivement la fiche d&rsquo;inscription et le r\u00e8glement au dos, signez l&rsquo;attestation et le r\u00e8glement avec &hellip; <a href=\"https:\/\/aikido-cattenom.net\/?page_id=535\">Continuer la lecture <span class=\"meta-nav\">&rarr;<\/span><\/a><\/p>\n","protected":false},"author":2,"featured_media":0,"parent":0,"menu_order":0,"comment_status":"closed","ping_status":"closed","template":"onecolumn-page.php","meta":{"footnotes":""},"class_list":["post-535","page","type-page","status-publish","hentry"],"_links":{"self":[{"href":"https:\/\/aikido-cattenom.net\/index.php?rest_route=\/wp\/v2\/pages\/535","targetHints":{"allow":["GET"]}}],"collection":[{"href":"https:\/\/aikido-cattenom.net\/index.php?rest_route=\/wp\/v2\/pages"}],"about":[{"href":"https:\/\/aikido-cattenom.net\/index.php?rest_route=\/wp\/v2\/types\/page"}],"author":[{"embeddable":true,"href":"https:\/\/aikido-cattenom.net\/index.php?rest_route=\/wp\/v2\/users\/2"}],"replies":[{"embeddable":true,"href":"https:\/\/aikido-cattenom.net\/index.php?rest_route=%2Fwp%2Fv2%2Fcomments&post=535"}],"version-history":[{"count":76,"href":"https:\/\/aikido-cattenom.net\/index.php?rest_route=\/wp\/v2\/pages\/535\/revisions"}],"predecessor-version":[{"id":146321,"href":"https:\/\/aikido-cattenom.net\/index.php?rest_route=\/wp\/v2\/pages\/535\/revisions\/146321"}],"wp:attachment":[{"href":"https:\/\/aikido-cattenom.net\/index.php?rest_route=%2Fwp%2Fv2%2Fmedia&parent=535"}],"curies":[{"name":"wp","href":"https:\/\/api.w.org\/{rel}","templated":true}]}}