{"id":62,"date":"2011-09-13T20:11:06","date_gmt":"2011-09-13T20:11:06","guid":{"rendered":"http:\/\/aikido-cattenom.net\/?page_id=62"},"modified":"2025-08-25T11:02:21","modified_gmt":"2025-08-25T09:02:21","slug":"historique-du-club","status":"publish","type":"page","link":"https:\/\/aikido-cattenom.net\/?page_id=62","title":{"rendered":"Historique du club"},"content":{"rendered":"<div class=\"wp-block-image\">\n<figure class=\"aligncenter\"><img loading=\"lazy\" decoding=\"async\" width=\"1000\" height=\"423\" src=\"https:\/\/aikido-cattenom.net\/wp-content\/uploads\/2020\/05\/71169495_392520351676168_4581736288054411264_n.jpg\" alt=\"\" class=\"wp-image-1107\" srcset=\"https:\/\/aikido-cattenom.net\/wp-content\/uploads\/2020\/05\/71169495_392520351676168_4581736288054411264_n.jpg 1000w, https:\/\/aikido-cattenom.net\/wp-content\/uploads\/2020\/05\/71169495_392520351676168_4581736288054411264_n-300x127.jpg 300w, https:\/\/aikido-cattenom.net\/wp-content\/uploads\/2020\/05\/71169495_392520351676168_4581736288054411264_n-768x325.jpg 768w\" sizes=\"auto, (max-width: 1000px) 100vw, 1000px\" \/><\/figure><\/div>\n\n\n<p class=\"has-text-align-center\"><a href=\"https:\/\/aikido-cattenom.net\/wp-content\/uploads\/2020\/05\/71169495_392520351676168_4581736288054411264_n.jpg\"><br><\/a>Souvenir de nos 20 ans<\/p>\n\n\n\n<p>Le\u00a0<strong>Club d\u2019A\u00efkido de Cattenom<\/strong>\u00a0a \u00e9t\u00e9 cr\u00e9\u00e9 en septembre 1999 par quelques passionn\u00e9s. Aujourd\u2019hui, il compte\u00a0<strong>plus de 40 licenci\u00e9(e)s<\/strong>, dont onze ceintures noires, gr\u00e2ce \u00e0 une\u00a0<strong>ambiance conviviale<\/strong>\u00a0et un enseignement de qualit\u00e9 d\u2019abord assur\u00e9 par Michel Merg, 4\u1d49 DAN, et, depuis 2010, pris en charge par J\u00e9r\u00f4me Bully, 4\u1d49 DAN BF pour les  <strong>adultes<\/strong>, avec\u00a0Tiphaine Rocton-Garnier, 2\u1d49 DAN BF pour les <strong>enfants<\/strong>, et\u00a0Denis Eberhardt, 2\u1d49 DAN pour <strong>l\u2019Aikitaiso<\/strong>.<\/p>\n\n\n\n<p>Depuis 2009, les entra\u00eenements ont lieu \u00e0 la&nbsp;<strong>Maison des Arts Martiaux de la CCCE<\/strong>, 2 rue Saint-Exup\u00e9ry, entre le coll\u00e8ge et l\u2019\u00e9cole primaire.<\/p>\n\n\n\n<p>Le club organise :<\/p>\n\n\n\n<ul class=\"wp-block-list\">\n<li><strong>Stages et rencontres interclubs<\/strong><\/li>\n\n\n\n<li><strong>Kagami Biraki<\/strong>\u00a0: rassemblement festif des arts martiaux du dojo<\/li>\n\n\n\n<li>\u00a0<strong>Barbecues et sorties<\/strong>\u00a0pour renforcer la convivialit\u00e9<\/li>\n\n\n\n<li><strong>Sortie annuelle des enfants<\/strong><\/li>\n<\/ul>\n\n\n\n<p>Le club participe activement aux manifestations locales (<strong>Estivales, Animations Cattmome, etc.<\/strong>) et contribue \u00e0 la vie de la commune.<\/p>\n\n\n\n<hr class=\"wp-block-separator has-alpha-channel-opacity\"\/>\n\n\n\n<h2 class=\"wp-block-heading\"><strong>Une \u00e9quipe dynamique<\/strong><\/h2>\n\n\n\n<p><strong>Comit\u00e9 :<\/strong><\/p>\n\n\n\n<ul class=\"wp-block-list\">\n<li>Pr\u00e9sident : J\u00e9r\u00f4me Bully<\/li>\n\n\n\n<li>Tr\u00e9sori\u00e8re : Marie-H\u00e9l\u00e8ne Lenard<\/li>\n\n\n\n<li>Secr\u00e9taire : Tiphaine Rocton-Garnier<\/li>\n<\/ul>\n\n\n\n<p><strong>Professeurs :<\/strong><\/p>\n\n\n\n<ul class=\"wp-block-list\">\n<li>J\u00e9r\u00f4me Bully \u2014 CN 4\u1d49 DAN BF<\/li>\n\n\n\n<li>Tiphaine Rocton-Garnier \u2014 CN 2\u1d49 DAN BF<\/li>\n\n\n\n<li>Denis Eberhardt \u2014 CN 2\u1d49 DAN<\/li>\n<\/ul>\n\n\n\n<p><strong>Licenci\u00e9s :<\/strong><\/p>\n\n\n\n<ul class=\"wp-block-list\">\n<li>De\u00a0<strong>7 \u00e0 77 ans<\/strong>, dans une ambiance conviviale et interg\u00e9n\u00e9rationnelle<\/li>\n<\/ul>\n\n\n\n<!--more-->\n","protected":false},"excerpt":{"rendered":"<p>Souvenir de nos 20 ans Le\u00a0Club d\u2019A\u00efkido de Cattenom\u00a0a \u00e9t\u00e9 cr\u00e9\u00e9 en septembre 1999 par quelques passionn\u00e9s. Aujourd\u2019hui, il compte\u00a0plus de 40 licenci\u00e9(e)s, dont onze ceintures noires, gr\u00e2ce \u00e0 une\u00a0ambiance conviviale\u00a0et un enseignement de qualit\u00e9 d\u2019abord assur\u00e9 par Michel Merg, &hellip; <a href=\"https:\/\/aikido-cattenom.net\/?page_id=62\">Continuer la lecture <span class=\"meta-nav\">&rarr;<\/span><\/a><\/p>\n","protected":false},"author":1,"featured_media":0,"parent":0,"menu_order":0,"comment_status":"closed","ping_status":"open","template":"onecolumn-page.php","meta":{"footnotes":""},"class_list":["post-62","page","type-page","status-publish","hentry"],"_links":{"self":[{"href":"https:\/\/aikido-cattenom.net\/index.php?rest_route=\/wp\/v2\/pages\/62","targetHints":{"allow":["GET"]}}],"collection":[{"href":"https:\/\/aikido-cattenom.net\/index.php?rest_route=\/wp\/v2\/pages"}],"about":[{"href":"https:\/\/aikido-cattenom.net\/index.php?rest_route=\/wp\/v2\/types\/page"}],"author":[{"embeddable":true,"href":"https:\/\/aikido-cattenom.net\/index.php?rest_route=\/wp\/v2\/users\/1"}],"replies":[{"embeddable":true,"href":"https:\/\/aikido-cattenom.net\/index.php?rest_route=%2Fwp%2Fv2%2Fcomments&post=62"}],"version-history":[{"count":18,"href":"https:\/\/aikido-cattenom.net\/index.php?rest_route=\/wp\/v2\/pages\/62\/revisions"}],"predecessor-version":[{"id":146242,"href":"https:\/\/aikido-cattenom.net\/index.php?rest_route=\/wp\/v2\/pages\/62\/revisions\/146242"}],"wp:attachment":[{"href":"https:\/\/aikido-cattenom.net\/index.php?rest_route=%2Fwp%2Fv2%2Fmedia&parent=62"}],"curies":[{"name":"wp","href":"https:\/\/api.w.org\/{rel}","templated":true}]}}