{"id":65,"date":"2011-09-13T20:14:44","date_gmt":"2011-09-13T20:14:44","guid":{"rendered":"http:\/\/aikido-cattenom.net\/?page_id=65"},"modified":"2025-08-18T00:43:52","modified_gmt":"2025-08-17T22:43:52","slug":"horaire-des-cours","status":"publish","type":"page","link":"https:\/\/aikido-cattenom.net\/?page_id=65","title":{"rendered":"Horaire des cours"},"content":{"rendered":"<h2><span style=\"color: #800000;\">Cours adultes:<\/span><br \/>\nlundi et jeudi de 19h45 \u00e0 21h30<\/h2>\n<h2><span style=\"color: #800000;\">Cours enfants:<\/span><br \/>\njeudi de 18h30 \u00e0 19h30<\/h2>\n<h2><span style=\"color: #800000;\">A\u00efkita\u00efso et s\u00e9niors:<br \/>\n<\/span>mardi de 10h00 \u00e0 11h30<\/h2>\n<h2><span style=\"color: #800000;\">\u00a0<\/span><\/h2>\n<table summary=\"Les Horaire des cours\">\n<thead>\n<tr>\n<th><\/th>\n<th scope=\"col\"><\/th>\n<th scope=\"col\"><\/th>\n<th><\/th>\n<\/tr>\n<\/thead>\n<tbody>\n<tr>\n<td><\/td>\n<td><\/td>\n<td><\/td>\n<td><\/td>\n<\/tr>\n<tr>\n<td><\/td>\n<td><\/td>\n<td><\/td>\n<td><\/td>\n<\/tr>\n<tr>\n<td style=\"text-align: left;\"><\/td>\n<td style=\"text-align: left;\"><\/td>\n<td style=\"text-align: left;\"><\/td>\n<td style=\"text-align: left;\"><\/td>\n<\/tr>\n<\/tbody>\n<\/table>\n<p>Photo ci-dessous: d\u00e9monstration lors des Estivales2Cattenom (juin 2011)<\/p>\n<p style=\"text-align: center;\"><a href=\"https:\/\/aikido-cattenom.net\/wp-content\/uploads\/2011\/09\/Estivale2010.jpg\"><img loading=\"lazy\" decoding=\"async\" class=\"size-full wp-image-97\" title=\"Estivale2010\" src=\"https:\/\/aikido-cattenom.net\/wp-content\/uploads\/2011\/09\/Estivale2010.jpg\" alt=\"\" width=\"673\" height=\"393\" srcset=\"https:\/\/aikido-cattenom.net\/wp-content\/uploads\/2011\/09\/Estivale2010.jpg 673w, https:\/\/aikido-cattenom.net\/wp-content\/uploads\/2011\/09\/Estivale2010-300x175.jpg 300w, https:\/\/aikido-cattenom.net\/wp-content\/uploads\/2011\/09\/Estivale2010-100x58.jpg 100w, https:\/\/aikido-cattenom.net\/wp-content\/uploads\/2011\/09\/Estivale2010-150x87.jpg 150w\" sizes=\"auto, (max-width: 673px) 100vw, 673px\" \/><\/a><\/p>\n","protected":false},"excerpt":{"rendered":"<p>Cours adultes: lundi et jeudi de 19h45 \u00e0 21h30 Cours enfants: jeudi de 18h30 \u00e0 19h30 A\u00efkita\u00efso et s\u00e9niors: mardi de 10h00 \u00e0 11h30 \u00a0 Photo ci-dessous: d\u00e9monstration lors des Estivales2Cattenom (juin 2011)<\/p>\n","protected":false},"author":1,"featured_media":0,"parent":0,"menu_order":0,"comment_status":"open","ping_status":"open","template":"onecolumn-page.php","meta":{"footnotes":""},"class_list":["post-65","page","type-page","status-publish","hentry"],"_links":{"self":[{"href":"https:\/\/aikido-cattenom.net\/index.php?rest_route=\/wp\/v2\/pages\/65","targetHints":{"allow":["GET"]}}],"collection":[{"href":"https:\/\/aikido-cattenom.net\/index.php?rest_route=\/wp\/v2\/pages"}],"about":[{"href":"https:\/\/aikido-cattenom.net\/index.php?rest_route=\/wp\/v2\/types\/page"}],"author":[{"embeddable":true,"href":"https:\/\/aikido-cattenom.net\/index.php?rest_route=\/wp\/v2\/users\/1"}],"replies":[{"embeddable":true,"href":"https:\/\/aikido-cattenom.net\/index.php?rest_route=%2Fwp%2Fv2%2Fcomments&post=65"}],"version-history":[{"count":17,"href":"https:\/\/aikido-cattenom.net\/index.php?rest_route=\/wp\/v2\/pages\/65\/revisions"}],"predecessor-version":[{"id":145872,"href":"https:\/\/aikido-cattenom.net\/index.php?rest_route=\/wp\/v2\/pages\/65\/revisions\/145872"}],"wp:attachment":[{"href":"https:\/\/aikido-cattenom.net\/index.php?rest_route=%2Fwp%2Fv2%2Fmedia&parent=65"}],"curies":[{"name":"wp","href":"https:\/\/api.w.org\/{rel}","templated":true}]}}