{"id":71,"date":"2011-09-13T20:19:53","date_gmt":"2011-09-13T20:19:53","guid":{"rendered":"http:\/\/aikido-cattenom.net\/?page_id=71"},"modified":"2025-08-28T20:48:48","modified_gmt":"2025-08-28T18:48:48","slug":"les-tarifs","status":"publish","type":"page","link":"https:\/\/aikido-cattenom.net\/?page_id=71","title":{"rendered":"infos pratiques"},"content":{"rendered":"\n<h1 class=\"wp-block-heading has-text-color has-link-color wp-elements-e7069060a4970fef4e8bbfb5f9fac208\" style=\"color:#002950\"><strong>Les cours<\/strong><\/h1>\n\n\n\n<p class=\"has-text-color has-link-color wp-elements-5c99416c7d80ea37b5bdac4c5a7d4c9e\" style=\"color:#002950;font-size:18px\">Le club propose des cours d\u2019a\u00efkido pour les enfants de 7 \u00e0 13 ans, des cours d\u2019a\u00efkido pour les adultes de tout niveau ainsi que des cours d&rsquo;a\u00efkita\u00efso et s\u00e9niors.<\/p>\n\n\n\n<p class=\"has-text-color has-link-color wp-elements-452ac128946a554d7911e86655bcf6b9\" style=\"color:#002950;font-size:18px\">Possibilit\u00e9 de faire deux cours d\u2019essai afin de d\u00e9couvrir l&rsquo;a\u00efkido.<\/p>\n\n\n\n<p class=\"has-text-color has-link-color wp-elements-50b71ccd26893394d5459db3dad0f99e\" style=\"color:#002950;font-size:18px\">Les cours sont ouvertes aux adh\u00e9rents et \u00e0 toute personne d\u00e9sireuse de d\u00e9couvrir la pratique de l&rsquo;a\u00efkido.<\/p>\n\n\n\n<p class=\"has-text-color has-link-color wp-elements-1bb0291239f830b4f3ea206edbb3f792\" id=\"Horaires\" style=\"color:#002950;font-size:30px;font-style:normal;font-weight:400\"><strong>Horaires des cours<\/strong><\/p>\n\n\n\n<ul style=\"color:#002950;font-size:18px\" class=\"wp-block-list has-text-color has-link-color wp-elements-e37fa7b76b9215818e4697b62399a923\">\n<li class=\"has-text-color has-link-color wp-elements-52c3e039c4219668799342c95736ae0c\" style=\"color:#002950\">Cours enfants (8 \u00e0 13 ans) : les jeudis de 18h30 \u00e0 19h30<\/li>\n<\/ul>\n\n\n\n<ul style=\"color:#002950;font-size:18px\" class=\"wp-block-list has-text-color has-link-color wp-elements-d338f3d2f9275f7a1eded9736192dc61\">\n<li class=\"has-text-color has-link-color wp-elements-23f76f16207d7e307155675d587110ed\" style=\"color:#002950\">Cours adultes : les lundis et jeudi de 19h45 \u00e0 21h45<\/li>\n<\/ul>\n\n\n\n<ul style=\"color:#002950;font-size:18px\" class=\"wp-block-list has-text-color has-link-color wp-elements-f2b9c64878dc7335b52fe909e273a1ef\">\n<li class=\"has-text-color has-link-color wp-elements-05d3ab6c2df11261acc70b2e6e5728b7\" style=\"color:#002950\">Cours a\u00efkitaiso : les mardis de 10h00 \u00e0 11h30<\/li>\n<\/ul>\n\n\n\n<p><\/p>\n\n\n\n<p class=\"has-text-color has-link-color wp-elements-6070b5de18d6094ad6aec505582547e2\" id=\"Lieu-et-dates-des-cours\" style=\"color:#002950;font-size:30px\"><strong>Lieu et dates des cours<\/strong><\/p>\n\n\n\n<div class=\"wp-block-group is-nowrap is-layout-flex wp-container-core-group-is-layout-ad2f72ca wp-block-group-is-layout-flex\">\n<p class=\"has-text-color has-link-color wp-elements-ad064f7820a04946e617c73271c63336 wp-container-content-9cfa9a5a\" style=\"color:#002950;font-size:18px\">Les cours ont lieu au dojo communautaire rue Saint Exupery, 57570 Cattenom <a href=\"#Dojo-Communautaire\" data-type=\"internal\" data-id=\"#Dojo-Communautaire\">(plan)<\/a>. Traditionnellement les cours reprennent la premi\u00e8re semaine de septembre. Il n&rsquo;y a pas cours lors des vacances scolaires.<\/p>\n<\/div>\n\n\n\n<p><\/p>\n\n\n\n<p id=\"Cotisation\" style=\"font-size:30px\"><strong>Cotisation pour la saison 2025\/2026<\/strong><\/p>\n\n\n\n<p style=\"font-size:22px\"><strong>Tarifs des cours d\u2019a\u00efkido<\/strong><\/p>\n\n\n\n<p class=\"has-text-color has-link-color wp-elements-8a27640150b969af99eee4f3d3daec4b\" style=\"color:#002950;font-size:18px\">Tarif enfant (8 \u00e0 18 ans) : <strong>80 \u20ac<\/strong><br>Tarif \u00e9tudiant : <strong>115 \u20ac<\/strong><br>Tarif adulte \/ Aikitaiso : <strong>135 \u20ac<\/strong><\/p>\n\n\n\n<p style=\"font-size:18px\">Possibilit\u00e9 de r\u00e9gler en plusieurs fois. Si l&rsquo;adh\u00e9sion se fait en cours d&rsquo;ann\u00e9e, un calcul de la cotisation au prorata sera effectu\u00e9.<\/p>\n\n\n\n<p style=\"font-size:18px\">Le montant comprend la licence f\u00e9d\u00e9rale (licence FFAB) obligatoire.<\/p>\n\n\n\n<p><\/p>\n\n\n\n<p id=\"Inscription-en-ligne\" style=\"font-size:30px\"><strong>Inscription en ligne<\/strong><\/p>\n\n\n\n<p class=\"has-text-color has-link-color wp-elements-a3cac7cdf5332e16ef44d1d40c6f3144\" style=\"color:#002950;font-size:18px\">Pour celles et ceux qui le peuvent, merci de t\u00e9l\u00e9charger, imprimer et remplir \u00e0 l\u2019avance vos formulaires d\u2019inscription, il est possible de s\u2019inscrire durant toute la saison.<\/p>\n\n\n\n<p class=\"has-text-color has-link-color wp-elements-131bb7ef68585073a91be60194d50fbc\" style=\"color:#09013c;font-size:18px\">Vous pouvez \u00e9galement vous inscrire lors des s\u00e9ances d&rsquo;entrainements au dojo (avant ou apr\u00e8s le cours).<\/p>\n\n\n\n<h3 class=\"wp-block-heading has-text-color has-link-color wp-elements-eff6f4dd700ee00e2e20a2faeaf6e313\" style=\"color:#002950;font-size:18px\"><strong>Pour s\u2019inscrire il faut obligatoirement :<\/strong><\/h3>\n\n\n\n<ul style=\"color:#002950;font-size:18px\" class=\"wp-block-list has-text-color has-link-color wp-elements-b2e89db794f389d412ab2c22c026817c\">\n<li>Une photo d&rsquo;identit\u00e9<\/li>\n<\/ul>\n\n\n\n<ul style=\"color:#002950;font-size:18px\" class=\"wp-block-list has-text-color has-link-color wp-elements-00a2342561e15eab1bed623b0aed8372\">\n<li>Un certificat m\u00e9dical d\u2019aptitude \u00e0 la pratique de l\u2019A\u00efkido (certificat valable pour 3 saisons)<\/li>\n<\/ul>\n\n\n\n<ul style=\"color:#002950;font-size:18px\" class=\"wp-block-list has-text-color has-link-color wp-elements-9bad49d157a8ad3b0bbb9dfd078d0765\">\n<li>La fiche d&rsquo;inscription compl\u00e9t\u00e9e<\/li>\n<\/ul>\n\n\n\n<h3 class=\"wp-block-heading\">Le montant comprend la licence f\u00e9d\u00e9rale (licence FFAB) obligatoire.<\/h3>\n\n\n\n<h2 class=\"wp-block-heading\" style=\"font-size:30px\"><strong style=\"white-space: normal;\">Nous contacter<\/strong><\/h2>\n\n\n\n<h3 class=\"wp-block-heading\">&#8211; Par E-mail:&nbsp;<a href=\"mailto:aikido-cattenom@orange.fr?subject=Contact%20Aikido\">aikicattenom@gmail.com<\/a><\/h3>\n\n\n\n<h3 class=\"wp-block-heading\">&#8211; Sur Facebook : <a href=\"https:\/\/www.facebook.com\/pg\/aikidoclubcattenom\/\">https:\/\/www.facebook.com\/pg\/aikidoclubcattenom\/<\/a><\/h3>\n\n\n\n<h3 class=\"wp-block-heading\">&#8211; Sur Instagram : <a href=\"https:\/\/www.instagram.com\/aikidoclubcattenom\">https:\/\/www.instagram.com\/aikidoclubcattenom<\/a><\/h3>\n\n\n\n<h3 class=\"wp-block-heading\">&#8211; Au dojo pendant les heures de cours :<\/h3>\n\n\n\n<p id=\"Dojo-Communautaire\">Dojo Communautaire Rue Saint Exupery, 57570 Cattenom<\/p>\n\n\n\n<!DOCTYPE html>\n<html lang=\"fr\">\n<head>\n  <meta charset=\"UTF-8\">\n  <meta name=\"viewport\" content=\"width=device-width, initial-scale=1.0\">\n  <title>Carte Google Maps Responsive<\/title>\n  <style>\n    .map-container {\n      position: relative;\n      width: 100%;\n      max-width: 100%; \/* toujours prendre toute la largeur *\/\n      aspect-ratio: 21 \/ 9; \/* rectangle proportionn\u00e9 (responsive) *\/\n      border-radius: 12px; \/* coins arrondis optionnels *\/\n      overflow: hidden;\n      box-shadow: 0 4px 12px rgba(0,0,0,0.2);\n    }\n\n    .map-container iframe {\n      position: absolute;\n      top: 0;\n      left: 0;\n      width: 100%;\n      height: 100%;\n      border: 0;\n    }\n  <\/style>\n<\/head>\n<body>\n\n  <div class=\"map-container\">\n    <iframe \n      src=\"https:\/\/www.google.com\/maps\/embed?pb=!1m18!1m12!1m3!1d2596.11183841017!2d6.239145312278615!3d49.40679067129258!2m3!1f0!2f0!3f0!3m2!1i1024!2i768!4f13.1!3m3!1m2!1s0xa89959df4e3abf1d%3A0x93b07d100db2d4de!2sA%C3%AFkido%20Club%20de%20Cattenom!5e0!3m2!1sfr!2sfr!4v1755414186009!5m2!1sfr!2sfr\"\n      allowfullscreen=\"\" \n      loading=\"lazy\" \n      referrerpolicy=\"no-referrer-when-downgrade\">\n    <\/iframe>\n  <\/div>\n\n<\/body>\n<\/html>\n\n\n\n<p style=\"font-size:18px\"><\/p>\n","protected":false},"excerpt":{"rendered":"<p>Les cours Le club propose des cours d\u2019a\u00efkido pour les enfants de 7 \u00e0 13 ans, des cours d\u2019a\u00efkido pour les adultes de tout niveau ainsi que des cours d&rsquo;a\u00efkita\u00efso et s\u00e9niors. Possibilit\u00e9 de faire deux cours d\u2019essai afin de &hellip; <a href=\"https:\/\/aikido-cattenom.net\/?page_id=71\">Continuer la lecture <span class=\"meta-nav\">&rarr;<\/span><\/a><\/p>\n","protected":false},"author":1,"featured_media":0,"parent":0,"menu_order":0,"comment_status":"closed","ping_status":"open","template":"onecolumn-page.php","meta":{"footnotes":""},"class_list":["post-71","page","type-page","status-publish","hentry"],"_links":{"self":[{"href":"https:\/\/aikido-cattenom.net\/index.php?rest_route=\/wp\/v2\/pages\/71","targetHints":{"allow":["GET"]}}],"collection":[{"href":"https:\/\/aikido-cattenom.net\/index.php?rest_route=\/wp\/v2\/pages"}],"about":[{"href":"https:\/\/aikido-cattenom.net\/index.php?rest_route=\/wp\/v2\/types\/page"}],"author":[{"embeddable":true,"href":"https:\/\/aikido-cattenom.net\/index.php?rest_route=\/wp\/v2\/users\/1"}],"replies":[{"embeddable":true,"href":"https:\/\/aikido-cattenom.net\/index.php?rest_route=%2Fwp%2Fv2%2Fcomments&post=71"}],"version-history":[{"count":60,"href":"https:\/\/aikido-cattenom.net\/index.php?rest_route=\/wp\/v2\/pages\/71\/revisions"}],"predecessor-version":[{"id":146258,"href":"https:\/\/aikido-cattenom.net\/index.php?rest_route=\/wp\/v2\/pages\/71\/revisions\/146258"}],"wp:attachment":[{"href":"https:\/\/aikido-cattenom.net\/index.php?rest_route=%2Fwp%2Fv2%2Fmedia&parent=71"}],"curies":[{"name":"wp","href":"https:\/\/api.w.org\/{rel}","templated":true}]}}