{"id":90,"date":"2011-09-13T20:36:25","date_gmt":"2011-09-13T20:36:25","guid":{"rendered":"http:\/\/aikido-cattenom.net\/?page_id=90"},"modified":"2025-08-18T01:06:28","modified_gmt":"2025-08-17T23:06:28","slug":"les-liens","status":"publish","type":"page","link":"https:\/\/aikido-cattenom.net\/?page_id=90","title":{"rendered":"Les Liens"},"content":{"rendered":"<table width=\"640\">\n<tbody>\n<tr>\n<td><a href=\"https:\/\/aikido-cattenom.net\/wp-content\/uploads\/2020\/06\/69021614_2505128892859596_1420149632415039488_n-1.png\"><img loading=\"lazy\" decoding=\"async\" class=\"aligncenter size-full wp-image-1151\" src=\"https:\/\/aikido-cattenom.net\/wp-content\/uploads\/2020\/06\/69021614_2505128892859596_1420149632415039488_n-1.png\" alt=\"\" width=\"864\" height=\"864\" srcset=\"https:\/\/aikido-cattenom.net\/wp-content\/uploads\/2020\/06\/69021614_2505128892859596_1420149632415039488_n-1.png 864w, https:\/\/aikido-cattenom.net\/wp-content\/uploads\/2020\/06\/69021614_2505128892859596_1420149632415039488_n-1-150x150.png 150w, https:\/\/aikido-cattenom.net\/wp-content\/uploads\/2020\/06\/69021614_2505128892859596_1420149632415039488_n-1-300x300.png 300w, https:\/\/aikido-cattenom.net\/wp-content\/uploads\/2020\/06\/69021614_2505128892859596_1420149632415039488_n-1-768x768.png 768w\" sizes=\"auto, (max-width: 864px) 100vw, 864px\" \/><\/a><\/td>\n<td>Suivez-nous sur Facebook et sur Instagram pour \u00eatre au courant de nos actualit\u00e9s :<br \/>\n<a href=\"https:\/\/www.facebook.com\/pg\/aikidoclubcattenom\/\">https:\/\/www.facebook.com\/pg\/aikidoclubcattenom\/<\/a><\/p>\n<p><a href=\"https:\/\/www.instagram.com\/aikidoclubcattenom\">https:\/\/www.instagram.com\/aikidoclubcattenom<\/a><\/td>\n<\/tr>\n<tr>\n<td><a href=\"https:\/\/aikido-cattenom.net\/wp-content\/uploads\/2020\/06\/logo_cattenom.png\"><img loading=\"lazy\" decoding=\"async\" class=\"aligncenter size-full wp-image-1165\" src=\"https:\/\/aikido-cattenom.net\/wp-content\/uploads\/2020\/06\/logo_cattenom.png\" alt=\"\" width=\"131\" height=\"127\" \/><\/a><\/td>\n<td>Mairie de Cattenom :<br \/>\n<u><a href=\"https:\/\/www.mairie-cattenom.fr\">https:\/\/www.mairie-cattenom.fr<\/a><\/u><\/td>\n<\/tr>\n<tr>\n<td><a href=\"https:\/\/aikido-cattenom.net\/wp-content\/uploads\/2020\/06\/logo_moselle180.png\"><img loading=\"lazy\" decoding=\"async\" class=\"aligncenter size-full wp-image-1149\" src=\"https:\/\/aikido-cattenom.net\/wp-content\/uploads\/2020\/06\/logo_moselle180.png\" alt=\"\" width=\"180\" height=\"183\" \/><\/a><\/td>\n<td>Comit\u00e9 Departemental d&rsquo;A\u00efkido de Moselle :<br \/>\n<u><a href=\"https:\/\/aikido-moselle.net\/\">https:\/\/aikido-moselle.net\/<\/a><\/u><\/td>\n<\/tr>\n<tr>\n<td><a href=\"https:\/\/aikido-cattenom.net\/wp-content\/uploads\/2020\/06\/FFAB-Lorraine.jpg\"><img loading=\"lazy\" decoding=\"async\" class=\"aligncenter size-full wp-image-1164\" src=\"https:\/\/aikido-cattenom.net\/wp-content\/uploads\/2020\/06\/FFAB-Lorraine.jpg\" alt=\"\" width=\"960\" height=\"960\" srcset=\"https:\/\/aikido-cattenom.net\/wp-content\/uploads\/2020\/06\/FFAB-Lorraine.jpg 960w, https:\/\/aikido-cattenom.net\/wp-content\/uploads\/2020\/06\/FFAB-Lorraine-150x150.jpg 150w, https:\/\/aikido-cattenom.net\/wp-content\/uploads\/2020\/06\/FFAB-Lorraine-300x300.jpg 300w, https:\/\/aikido-cattenom.net\/wp-content\/uploads\/2020\/06\/FFAB-Lorraine-768x768.jpg 768w\" sizes=\"auto, (max-width: 960px) 100vw, 960px\" \/><\/a><\/td>\n<td>Ligue de Lorraine d&rsquo;a\u00efkido et budo :<br \/>\n<u><a href=\"https:\/\/www.aikidoenlorraine.com\/\">https:\/\/www.aikidoenlorraine.com\/<\/a><\/u><\/td>\n<\/tr>\n<tr>\n<td><a href=\"https:\/\/aikido-cattenom.net\/wp-content\/uploads\/2020\/06\/PictoFFAB_RVB_FondBlanc.jpg\"><img loading=\"lazy\" decoding=\"async\" class=\"aligncenter size-full wp-image-1163\" src=\"https:\/\/aikido-cattenom.net\/wp-content\/uploads\/2020\/06\/PictoFFAB_RVB_FondBlanc.jpg\" alt=\"\" width=\"521\" height=\"476\" srcset=\"https:\/\/aikido-cattenom.net\/wp-content\/uploads\/2020\/06\/PictoFFAB_RVB_FondBlanc.jpg 521w, https:\/\/aikido-cattenom.net\/wp-content\/uploads\/2020\/06\/PictoFFAB_RVB_FondBlanc-300x274.jpg 300w\" sizes=\"auto, (max-width: 521px) 100vw, 521px\" \/><\/a><\/td>\n<td>F\u00e9d\u00e9ration Fran\u00e7aise d\u2019a\u00efkido et Budo : \u00a0<u><a href=\"https:\/\/www.ffab-aikido.fr\/\">https:\/\/www.ffab-aikido.fr\/<\/a><\/u><\/td>\n<\/tr>\n<tr>\n<td><a href=\"https:\/\/aikido-cattenom.net\/wp-content\/uploads\/2020\/06\/tozando-logo.jpg\"><img loading=\"lazy\" decoding=\"async\" class=\"aligncenter size-full wp-image-1134\" src=\"https:\/\/aikido-cattenom.net\/wp-content\/uploads\/2020\/06\/tozando-logo.jpg\" alt=\"\" width=\"591\" height=\"591\" srcset=\"https:\/\/aikido-cattenom.net\/wp-content\/uploads\/2020\/06\/tozando-logo.jpg 591w, https:\/\/aikido-cattenom.net\/wp-content\/uploads\/2020\/06\/tozando-logo-150x150.jpg 150w, https:\/\/aikido-cattenom.net\/wp-content\/uploads\/2020\/06\/tozando-logo-300x300.jpg 300w\" sizes=\"auto, (max-width: 591px) 100vw, 591px\" \/><\/a><\/td>\n<td>Club Partenaire de Tozando France\u00a0:<br \/>\n<a href=\"https:\/\/aikido.tozando.fr\/\">https:\/\/aikido.tozando.fr\/<\/a><\/p>\n<p>Fabricant japonais d\u2019\u00e9quipements pour l\u2019A\u00efkido depuis 1989<\/td>\n<\/tr>\n<\/tbody>\n<\/table>\n","protected":false},"excerpt":{"rendered":"<p>Suivez-nous sur Facebook et sur Instagram pour \u00eatre au courant de nos actualit\u00e9s : https:\/\/www.facebook.com\/pg\/aikidoclubcattenom\/ https:\/\/www.instagram.com\/aikidoclubcattenom Mairie de Cattenom : https:\/\/www.mairie-cattenom.fr Comit\u00e9 Departemental d&rsquo;A\u00efkido de Moselle : https:\/\/aikido-moselle.net\/ Ligue de Lorraine d&rsquo;a\u00efkido et budo : https:\/\/www.aikidoenlorraine.com\/ F\u00e9d\u00e9ration Fran\u00e7aise d\u2019a\u00efkido et &hellip; <a href=\"https:\/\/aikido-cattenom.net\/?page_id=90\">Continuer la lecture <span class=\"meta-nav\">&rarr;<\/span><\/a><\/p>\n","protected":false},"author":1,"featured_media":0,"parent":0,"menu_order":0,"comment_status":"open","ping_status":"open","template":"onecolumn-page.php","meta":{"footnotes":""},"class_list":["post-90","page","type-page","status-publish","hentry"],"_links":{"self":[{"href":"https:\/\/aikido-cattenom.net\/index.php?rest_route=\/wp\/v2\/pages\/90","targetHints":{"allow":["GET"]}}],"collection":[{"href":"https:\/\/aikido-cattenom.net\/index.php?rest_route=\/wp\/v2\/pages"}],"about":[{"href":"https:\/\/aikido-cattenom.net\/index.php?rest_route=\/wp\/v2\/types\/page"}],"author":[{"embeddable":true,"href":"https:\/\/aikido-cattenom.net\/index.php?rest_route=\/wp\/v2\/users\/1"}],"replies":[{"embeddable":true,"href":"https:\/\/aikido-cattenom.net\/index.php?rest_route=%2Fwp%2Fv2%2Fcomments&post=90"}],"version-history":[{"count":10,"href":"https:\/\/aikido-cattenom.net\/index.php?rest_route=\/wp\/v2\/pages\/90\/revisions"}],"predecessor-version":[{"id":1166,"href":"https:\/\/aikido-cattenom.net\/index.php?rest_route=\/wp\/v2\/pages\/90\/revisions\/1166"}],"wp:attachment":[{"href":"https:\/\/aikido-cattenom.net\/index.php?rest_route=%2Fwp%2Fv2%2Fmedia&parent=90"}],"curies":[{"name":"wp","href":"https:\/\/api.w.org\/{rel}","templated":true}]}}